{"id":2957,"date":"2023-07-12T16:29:35","date_gmt":"2023-07-12T14:29:35","guid":{"rendered":"https:\/\/ledomainedescalines.fr\/gite\/?page_id=2957"},"modified":"2023-07-17T14:14:07","modified_gmt":"2023-07-17T12:14:07","slug":"activites","status":"publish","type":"page","link":"https:\/\/ledomainedescalines.fr\/gite\/activites\/","title":{"rendered":"Activit\u00e9s"},"content":{"rendered":"\t\t<div data-elementor-type=\"wp-page\" data-elementor-id=\"2957\" class=\"elementor elementor-2957\">\n\t\t\t\t\t\t\t\t\t<section class=\"elementor-section elementor-top-section elementor-element elementor-element-8311b0b elementor-section-boxed elementor-section-height-default elementor-section-height-default\" data-id=\"8311b0b\" data-element_type=\"section\">\n\t\t\t\t\t\t<div class=\"elementor-container elementor-column-gap-default\">\n\t\t\t\t\t<div class=\"elementor-column elementor-col-50 elementor-top-column elementor-element elementor-element-c872710\" data-id=\"c872710\" data-element_type=\"column\">\n\t\t\t<div class=\"elementor-widget-wrap elementor-element-populated\">\n\t\t\t\t\t\t\t\t<div class=\"elementor-element elementor-element-672b82e elementor-widget elementor-widget-image\" data-id=\"672b82e\" data-element_type=\"widget\" data-widget_type=\"image.default\">\n\t\t\t\t<div class=\"elementor-widget-container\">\n\t\t\t<style>\/*! elementor - v3.8.1 - 13-11-2022 *\/\n.elementor-widget-image{text-align:center}.elementor-widget-image a{display:inline-block}.elementor-widget-image a img[src$=\".svg\"]{width:48px}.elementor-widget-image img{vertical-align:middle;display:inline-block}<\/style>\t\t\t\t\t\t\t\t\t\t\t\t\t<a href=\"https:\/\/ledomainedescalines.fr\/gite\/wp-content\/uploads\/2023\/07\/Location-velo-electrique-a-Baralle.jpg\" data-elementor-open-lightbox=\"yes\" data-elementor-lightbox-title=\"Location v\u00e9lo \u00e9lectrique a Baralle\" e-action-hash=\"#elementor-action%3Aaction%3Dlightbox%26settings%3DeyJpZCI6Mjk2MSwidXJsIjoiaHR0cHM6XC9cL2xlZG9tYWluZWRlc2NhbGluZXMuZnJcL2dpdGVcL3dwLWNvbnRlbnRcL3VwbG9hZHNcLzIwMjNcLzA3XC9Mb2NhdGlvbi12ZWxvLWVsZWN0cmlxdWUtYS1CYXJhbGxlLmpwZyJ9\">\n\t\t\t\t\t\t\t<img decoding=\"async\" src=\"https:\/\/ledomainedescalines.fr\/gite\/wp-content\/uploads\/elementor\/thumbs\/Location-velo-electrique-a-Baralle-q9b5ktglwbghnk162iyrmluzsdgo5lv3m63iegdpws.jpg\" title=\"Location v\u00e9lo \u00e9lectrique a Baralle\" alt=\"Location v\u00e9lo \u00e9lectrique a Baralle\" \/>\t\t\t\t\t\t\t\t<\/a>\n\t\t\t\t\t\t\t\t\t\t\t\t\t\t\t<\/div>\n\t\t\t\t<\/div>\n\t\t\t\t<div class=\"elementor-element elementor-element-69e15ac elementor-widget elementor-widget-gallery\" data-id=\"69e15ac\" data-element_type=\"widget\" data-settings=\"{&quot;aspect_ratio&quot;:&quot;1:1&quot;,&quot;columns_mobile&quot;:2,&quot;lazyload&quot;:&quot;yes&quot;,&quot;gallery_layout&quot;:&quot;grid&quot;,&quot;columns&quot;:4,&quot;columns_tablet&quot;:2,&quot;gap&quot;:{&quot;unit&quot;:&quot;px&quot;,&quot;size&quot;:10,&quot;sizes&quot;:[]},&quot;gap_tablet&quot;:{&quot;unit&quot;:&quot;px&quot;,&quot;size&quot;:10,&quot;sizes&quot;:[]},&quot;gap_mobile&quot;:{&quot;unit&quot;:&quot;px&quot;,&quot;size&quot;:10,&quot;sizes&quot;:[]},&quot;link_to&quot;:&quot;file&quot;,&quot;overlay_background&quot;:&quot;yes&quot;,&quot;content_hover_animation&quot;:&quot;fade-in&quot;}\" data-widget_type=\"gallery.default\">\n\t\t\t\t<div class=\"elementor-widget-container\">\n\t\t\t<style>\/*! elementor-pro - v3.6.2 - 14-02-2022 *\/\n.elementor-gallery__container{min-height:1px}.elementor-gallery-item{position:relative;overflow:hidden;display:block;text-decoration:none;border:solid var(--image-border-width) var(--image-border-color);border-radius:var(--image-border-radius)}.elementor-gallery-item__content,.elementor-gallery-item__overlay{height:100%;width:100%;position:absolute;top:0;left:0}.elementor-gallery-item__overlay{mix-blend-mode:var(--overlay-mix-blend-mode);-webkit-transition-duration:var(--overlay-transition-duration);-o-transition-duration:var(--overlay-transition-duration);transition-duration:var(--overlay-transition-duration);-webkit-transition-property:mix-blend-mode,opacity,background-color,-webkit-transform;transition-property:mix-blend-mode,opacity,background-color,-webkit-transform;-o-transition-property:mix-blend-mode,transform,opacity,background-color;transition-property:mix-blend-mode,transform,opacity,background-color;transition-property:mix-blend-mode,transform,opacity,background-color,-webkit-transform}.elementor-gallery-item__image.e-gallery-image{-webkit-transition-duration:var(--image-transition-duration);-o-transition-duration:var(--image-transition-duration);transition-duration:var(--image-transition-duration);-webkit-transition-property:-webkit-filter,-webkit-transform;transition-property:-webkit-filter,-webkit-transform;-o-transition-property:filter,transform;transition-property:filter,transform;transition-property:filter,transform,-webkit-filter,-webkit-transform}.elementor-gallery-item__content{display:-webkit-box;display:-ms-flexbox;display:flex;-webkit-box-orient:vertical;-webkit-box-direction:normal;-ms-flex-direction:column;flex-direction:column;-webkit-box-pack:var(--content-justify-content,center);-ms-flex-pack:var(--content-justify-content,center);justify-content:var(--content-justify-content,center);-webkit-box-align:center;-ms-flex-align:center;align-items:center;text-align:var(--content-text-align);padding:var(--content-padding)}.elementor-gallery-item__content>div{-webkit-transition-duration:var(--content-transition-duration);-o-transition-duration:var(--content-transition-duration);transition-duration:var(--content-transition-duration)}.elementor-gallery-item__content.elementor-gallery--sequenced-animation>div:nth-child(2){-webkit-transition-delay:calc((var(--content-transition-delay) \/ 3));-o-transition-delay:calc((var(--content-transition-delay) \/ 3));transition-delay:calc((var(--content-transition-delay) \/ 3))}.elementor-gallery-item__content.elementor-gallery--sequenced-animation>div:nth-child(3){-webkit-transition-delay:calc((var(--content-transition-delay) \/ 3) * 2);-o-transition-delay:calc((var(--content-transition-delay) \/ 3) * 2);transition-delay:calc((var(--content-transition-delay) \/ 3) * 2)}.elementor-gallery-item__content.elementor-gallery--sequenced-animation>div:nth-child(4){-webkit-transition-delay:calc((var(--content-transition-delay) \/ 3) * 3);-o-transition-delay:calc((var(--content-transition-delay) \/ 3) * 3);transition-delay:calc((var(--content-transition-delay) \/ 3) * 3)}.elementor-gallery-item__description{color:var(--description-text-color,#fff);width:100%}.elementor-gallery-item__title{color:var(--title-text-color,#fff);font-weight:700;width:100%}.elementor-gallery__titles-container{display:-webkit-box;display:-ms-flexbox;display:flex;-ms-flex-wrap:wrap;flex-wrap:wrap;-webkit-box-pack:var(--titles-container-justify-content,center);-ms-flex-pack:var(--titles-container-justify-content,center);justify-content:var(--titles-container-justify-content,center);margin-bottom:20px}.elementor-gallery__titles-container:not(.e--pointer-framed) .elementor-item:after,.elementor-gallery__titles-container:not(.e--pointer-framed) .elementor-item:before{background-color:var(--galleries-pointer-bg-color-hover)}.elementor-gallery__titles-container:not(.e--pointer-framed) .elementor-item.elementor-item-active:after,.elementor-gallery__titles-container:not(.e--pointer-framed) .elementor-item.elementor-item-active:before{background-color:var(--galleries-pointer-bg-color-active)}.elementor-gallery__titles-container.e--pointer-framed .elementor-item:before{border-color:var(--galleries-pointer-bg-color-hover);border-width:var(--galleries-pointer-border-width)}.elementor-gallery__titles-container.e--pointer-framed .elementor-item:after{border-color:var(--galleries-pointer-bg-color-hover)}.elementor-gallery__titles-container.e--pointer-framed .elementor-item.elementor-item-active:after,.elementor-gallery__titles-container.e--pointer-framed .elementor-item.elementor-item-active:before{border-color:var(--galleries-pointer-bg-color-active)}.elementor-gallery__titles-container.e--pointer-framed.e--animation-draw .elementor-item:before{border-left-width:var(--galleries-pointer-border-width);border-bottom-width:var(--galleries-pointer-border-width);border-right-width:0;border-top-width:0}.elementor-gallery__titles-container.e--pointer-framed.e--animation-draw .elementor-item:after{border-left-width:0;border-bottom-width:0;border-right-width:var(--galleries-pointer-border-width);border-top-width:var(--galleries-pointer-border-width)}.elementor-gallery__titles-container.e--pointer-framed.e--animation-corners .elementor-item:before{border-left-width:var(--galleries-pointer-border-width);border-bottom-width:0;border-right-width:0;border-top-width:var(--galleries-pointer-border-width)}.elementor-gallery__titles-container.e--pointer-framed.e--animation-corners .elementor-item:after{border-left-width:0;border-bottom-width:var(--galleries-pointer-border-width);border-right-width:var(--galleries-pointer-border-width);border-top-width:0}.elementor-gallery__titles-container .e--pointer-double-line .elementor-item:after,.elementor-gallery__titles-container .e--pointer-double-line .elementor-item:before,.elementor-gallery__titles-container .e--pointer-overline .elementor-item:before,.elementor-gallery__titles-container .e--pointer-underline .elementor-item:after{height:var(--galleries-pointer-border-width)}.elementor-gallery-title{--space-between:10px;cursor:pointer;color:#6d7882;font-weight:500;position:relative;padding:7px 14px;-webkit-transition:all .3s;-o-transition:all .3s;transition:all .3s}.elementor-gallery-title--active{color:#495157}.elementor-gallery-title:not(:last-child){margin-right:var(--space-between)}.elementor-gallery-item__title+.elementor-gallery-item__description{margin-top:var(--description-margin-top)}.e-gallery-item.elementor-gallery-item{-webkit-transition-property:all;-o-transition-property:all;transition-property:all}.e-gallery-item.elementor-animated-content .elementor-animated-item--enter-from-bottom,.e-gallery-item.elementor-animated-content .elementor-animated-item--enter-from-left,.e-gallery-item.elementor-animated-content .elementor-animated-item--enter-from-right,.e-gallery-item.elementor-animated-content .elementor-animated-item--enter-from-top,.e-gallery-item:hover .elementor-gallery__item-overlay-bg,.e-gallery-item:hover .elementor-gallery__item-overlay-content,.e-gallery-item:hover .elementor-gallery__item-overlay-content__description,.e-gallery-item:hover .elementor-gallery__item-overlay-content__title{opacity:1}a.elementor-item.elementor-gallery-title{color:var(--galleries-title-color-normal)}a.elementor-item.elementor-gallery-title.elementor-item-active,a.elementor-item.elementor-gallery-title.highlighted,a.elementor-item.elementor-gallery-title:focus,a.elementor-item.elementor-gallery-title:hover{color:var(--galleries-title-color-hover)}a.elementor-item.elementor-gallery-title.elementor-item-active{color:var(--gallery-title-color-active)}<\/style>\t\t<div class=\"elementor-gallery__container\">\n\t\t\t\t\t\t\t<a class=\"e-gallery-item elementor-gallery-item elementor-animated-content\" href=\"https:\/\/ledomainedescalines.fr\/gite\/wp-content\/uploads\/2023\/07\/Location-velo-electrique-a-Baralle.jpg\" data-elementor-open-lightbox=\"yes\" data-elementor-lightbox-slideshow=\"all-69e15ac\" data-elementor-lightbox-title=\"Location v\u00e9lo \u00e9lectrique a Baralle\" e-action-hash=\"#elementor-action%3Aaction%3Dlightbox%26settings%3DeyJpZCI6Mjk2MSwidXJsIjoiaHR0cHM6XC9cL2xlZG9tYWluZWRlc2NhbGluZXMuZnJcL2dpdGVcL3dwLWNvbnRlbnRcL3VwbG9hZHNcLzIwMjNcLzA3XC9Mb2NhdGlvbi12ZWxvLWVsZWN0cmlxdWUtYS1CYXJhbGxlLmpwZyIsInNsaWRlc2hvdyI6ImFsbC02OWUxNWFjIn0%3D\">\n\t\t\t\t\t<div class=\"e-gallery-image elementor-gallery-item__image\" data-thumbnail=\"https:\/\/ledomainedescalines.fr\/gite\/wp-content\/uploads\/2023\/07\/Location-velo-electrique-a-Baralle-300x227.jpg\" data-width=\"300\" data-height=\"227\" alt=\"\" ><\/div>\n\t\t\t\t\t\t\t\t\t\t\t<div class=\"elementor-gallery-item__overlay\"><\/div>\n\t\t\t\t\t\t\t\t\t\t\t\t\t\t<\/a>\n\t\t\t\t\t<\/div>\n\t\t\t<\/div>\n\t\t\t\t<\/div>\n\t\t\t\t\t<\/div>\n\t\t<\/div>\n\t\t\t\t<div class=\"elementor-column elementor-col-50 elementor-top-column elementor-element elementor-element-c9557bc\" data-id=\"c9557bc\" data-element_type=\"column\">\n\t\t\t<div class=\"elementor-widget-wrap elementor-element-populated\">\n\t\t\t\t\t\t\t\t<div class=\"elementor-element elementor-element-3638615 elementor-widget elementor-widget-heading\" data-id=\"3638615\" data-element_type=\"widget\" data-widget_type=\"heading.default\">\n\t\t\t\t<div class=\"elementor-widget-container\">\n\t\t\t<style>\/*! elementor - v3.8.1 - 13-11-2022 *\/\n.elementor-heading-title{padding:0;margin:0;line-height:1}.elementor-widget-heading .elementor-heading-title[class*=elementor-size-]>a{color:inherit;font-size:inherit;line-height:inherit}.elementor-widget-heading .elementor-heading-title.elementor-size-small{font-size:15px}.elementor-widget-heading .elementor-heading-title.elementor-size-medium{font-size:19px}.elementor-widget-heading .elementor-heading-title.elementor-size-large{font-size:29px}.elementor-widget-heading .elementor-heading-title.elementor-size-xl{font-size:39px}.elementor-widget-heading .elementor-heading-title.elementor-size-xxl{font-size:59px}<\/style><h2 class=\"elementor-heading-title elementor-size-default\">Location de V\u00e9los Electriques<\/h2>\t\t<\/div>\n\t\t\t\t<\/div>\n\t\t\t\t<div class=\"elementor-element elementor-element-f4dc146 elementor-widget elementor-widget-text-editor\" data-id=\"f4dc146\" data-element_type=\"widget\" data-widget_type=\"text-editor.default\">\n\t\t\t\t<div class=\"elementor-widget-container\">\n\t\t\t<style>\/*! elementor - v3.8.1 - 13-11-2022 *\/\n.elementor-widget-text-editor.elementor-drop-cap-view-stacked .elementor-drop-cap{background-color:#818a91;color:#fff}.elementor-widget-text-editor.elementor-drop-cap-view-framed .elementor-drop-cap{color:#818a91;border:3px solid;background-color:transparent}.elementor-widget-text-editor:not(.elementor-drop-cap-view-default) .elementor-drop-cap{margin-top:8px}.elementor-widget-text-editor:not(.elementor-drop-cap-view-default) .elementor-drop-cap-letter{width:1em;height:1em}.elementor-widget-text-editor .elementor-drop-cap{float:left;text-align:center;line-height:1;font-size:50px}.elementor-widget-text-editor .elementor-drop-cap-letter{display:inline-block}<\/style>\t\t\t\t<span style=\"font: normal normal normal 24px\/18px Arial;\nletter-spacing: -0.23px;\">90\u20ac<\/span> \/ 2 personnes\t\t\t\t\t\t<\/div>\n\t\t\t\t<\/div>\n\t\t\t\t<div class=\"elementor-element elementor-element-bfa3cba elementor-widget elementor-widget-text-editor\" data-id=\"bfa3cba\" data-element_type=\"widget\" data-widget_type=\"text-editor.default\">\n\t\t\t\t<div class=\"elementor-widget-container\">\n\t\t\t\t\t\t\t<p>Vous souhaitez profitez du cadre idyllique du Domaine ?<\/p><p>Profitez de deux v\u00e9los \u00e0 assistance \u00e9lectrique afin de d\u00e9couvrir les alentours. Avec 100km d&rsquo;autonomie, les T-bird vous emm\u00e8nerons pour de belles balades en amoureux.<\/p>\t\t\t\t\t\t<\/div>\n\t\t\t\t<\/div>\n\t\t\t\t<section class=\"elementor-section elementor-inner-section elementor-element elementor-element-ef27308 elementor-section-boxed elementor-section-height-default elementor-section-height-default\" data-id=\"ef27308\" data-element_type=\"section\">\n\t\t\t\t\t\t<div class=\"elementor-container elementor-column-gap-default\">\n\t\t\t\t\t<div class=\"elementor-column elementor-col-50 elementor-inner-column elementor-element elementor-element-3585815\" data-id=\"3585815\" data-element_type=\"column\" data-settings=\"{&quot;background_background&quot;:&quot;classic&quot;}\">\n\t\t\t<div class=\"elementor-widget-wrap elementor-element-populated\">\n\t\t\t\t\t\t\t\t<div class=\"elementor-element elementor-element-b9620b2 elementor-widget elementor-widget-heading\" data-id=\"b9620b2\" data-element_type=\"widget\" data-widget_type=\"heading.default\">\n\t\t\t\t<div class=\"elementor-widget-container\">\n\t\t\t<h3 class=\"elementor-heading-title elementor-size-default\">CIRCUIT 1<\/h3>\t\t<\/div>\n\t\t\t\t<\/div>\n\t\t\t\t<div class=\"elementor-element elementor-element-700944f elementor-position-left elementor-mobile-position-left elementor-vertical-align-middle elementor-view-default elementor-widget elementor-widget-icon-box\" data-id=\"700944f\" data-element_type=\"widget\" data-widget_type=\"icon-box.default\">\n\t\t\t\t<div class=\"elementor-widget-container\">\n\t\t\t<link rel=\"stylesheet\" href=\"https:\/\/ledomainedescalines.fr\/gite\/wp-content\/plugins\/elementor\/assets\/css\/widget-icon-box.min.css\">\t\t<div class=\"elementor-icon-box-wrapper\">\n\t\t\t\t\t\t<div class=\"elementor-icon-box-icon\">\n\t\t\t\t<span class=\"elementor-icon elementor-animation-\" >\n\t\t\t\t<svg xmlns=\"http:\/\/www.w3.org\/2000\/svg\" xmlns:xlink=\"http:\/\/www.w3.org\/1999\/xlink\" id=\"Calque_1\" x=\"0px\" y=\"0px\" viewBox=\"0 0 200 200\" style=\"enable-background:new 0 0 200 200;\" xml:space=\"preserve\"><style type=\"text\/css\">\t.st0{fill:#7A6A58;}<\/style><g>\t<path class=\"st0\" d=\"M148.15,104.88c-15.37,15.09-30.78,30.16-46.07,45.33c-1.65,1.64-2.37,1.14-3.69-0.19  c-8.82-8.92-17.68-17.8-26.59-26.62c-5.66-5.6-11.45-11.05-17.14-16.62c-0.74-0.73-2.34-1.34-1.73-2.58  c0.53-1.08,2.06-0.48,3.13-0.49c7.41-0.04,14.83-0.15,22.23,0.04c2.64,0.07,3.18-0.76,3.18-3.26c-0.09-28.5-0.01-57.01-0.13-85.51  c-0.01-2.94,0.59-3.85,3.69-3.79c11.17,0.21,22.35,0.2,33.52,0.01c2.96-0.05,3.51,0.9,3.5,3.65c-0.1,28.39-0.01,56.78-0.14,85.17  c-0.01,3.09,0.84,3.82,3.81,3.73c7.24-0.22,14.5-0.07,21.75-0.07C147.7,104.09,147.93,104.48,148.15,104.88z\"><\/path>\t<path class=\"st0\" d=\"M99.91,188.75c-20.19,0-40.37-0.04-60.56,0.05c-2.57,0.01-3.6-0.49-3.48-3.32c0.23-5.69,0.14-11.4,0.04-17.1  c-0.04-2.06,0.33-3,2.76-3c40.94,0.08,81.88,0.07,122.82,0.01c2.26,0,2.63,0.87,2.6,2.82c-0.09,5.81-0.18,11.64,0.03,17.44  c0.1,2.69-0.86,3.17-3.31,3.16C140.51,188.7,120.21,188.75,99.91,188.75z\"><\/path><\/g><\/svg>\t\t\t\t<\/span>\n\t\t\t<\/div>\n\t\t\t\t\t\t<div class=\"elementor-icon-box-content\">\n\t\t\t\t<h3 class=\"elementor-icon-box-title\">\n\t\t\t\t\t<span  >\n\t\t\t\t\t\tLE GRAND MARAIS\t\t\t\t\t<\/span>\n\t\t\t\t<\/h3>\n\t\t\t\t\t\t\t<\/div>\n\t\t<\/div>\n\t\t\t\t<\/div>\n\t\t\t\t<\/div>\n\t\t\t\t\t<\/div>\n\t\t<\/div>\n\t\t\t\t<div class=\"elementor-column elementor-col-50 elementor-inner-column elementor-element elementor-element-733f3fb\" data-id=\"733f3fb\" data-element_type=\"column\" data-settings=\"{&quot;background_background&quot;:&quot;classic&quot;}\">\n\t\t\t<div class=\"elementor-widget-wrap elementor-element-populated\">\n\t\t\t\t\t\t\t\t<div class=\"elementor-element elementor-element-eb6a444 elementor-widget elementor-widget-heading\" data-id=\"eb6a444\" data-element_type=\"widget\" data-widget_type=\"heading.default\">\n\t\t\t\t<div class=\"elementor-widget-container\">\n\t\t\t<h3 class=\"elementor-heading-title elementor-size-default\">CIRCUIT 2<\/h3>\t\t<\/div>\n\t\t\t\t<\/div>\n\t\t\t\t<div class=\"elementor-element elementor-element-545b1f0 elementor-position-left elementor-mobile-position-left elementor-vertical-align-middle elementor-view-default elementor-widget elementor-widget-icon-box\" data-id=\"545b1f0\" data-element_type=\"widget\" data-widget_type=\"icon-box.default\">\n\t\t\t\t<div class=\"elementor-widget-container\">\n\t\t\t\t\t<div class=\"elementor-icon-box-wrapper\">\n\t\t\t\t\t\t<div class=\"elementor-icon-box-icon\">\n\t\t\t\t<span class=\"elementor-icon elementor-animation-\" >\n\t\t\t\t<svg xmlns=\"http:\/\/www.w3.org\/2000\/svg\" xmlns:xlink=\"http:\/\/www.w3.org\/1999\/xlink\" id=\"Calque_1\" x=\"0px\" y=\"0px\" viewBox=\"0 0 200 200\" style=\"enable-background:new 0 0 200 200;\" xml:space=\"preserve\"><style type=\"text\/css\">\t.st0{fill:#7A6A58;}<\/style><g>\t<path class=\"st0\" d=\"M148.15,104.88c-15.37,15.09-30.78,30.16-46.07,45.33c-1.65,1.64-2.37,1.14-3.69-0.19  c-8.82-8.92-17.68-17.8-26.59-26.62c-5.66-5.6-11.45-11.05-17.14-16.62c-0.74-0.73-2.34-1.34-1.73-2.58  c0.53-1.08,2.06-0.48,3.13-0.49c7.41-0.04,14.83-0.15,22.23,0.04c2.64,0.07,3.18-0.76,3.18-3.26c-0.09-28.5-0.01-57.01-0.13-85.51  c-0.01-2.94,0.59-3.85,3.69-3.79c11.17,0.21,22.35,0.2,33.52,0.01c2.96-0.05,3.51,0.9,3.5,3.65c-0.1,28.39-0.01,56.78-0.14,85.17  c-0.01,3.09,0.84,3.82,3.81,3.73c7.24-0.22,14.5-0.07,21.75-0.07C147.7,104.09,147.93,104.48,148.15,104.88z\"><\/path>\t<path class=\"st0\" d=\"M99.91,188.75c-20.19,0-40.37-0.04-60.56,0.05c-2.57,0.01-3.6-0.49-3.48-3.32c0.23-5.69,0.14-11.4,0.04-17.1  c-0.04-2.06,0.33-3,2.76-3c40.94,0.08,81.88,0.07,122.82,0.01c2.26,0,2.63,0.87,2.6,2.82c-0.09,5.81-0.18,11.64,0.03,17.44  c0.1,2.69-0.86,3.17-3.31,3.16C140.51,188.7,120.21,188.75,99.91,188.75z\"><\/path><\/g><\/svg>\t\t\t\t<\/span>\n\t\t\t<\/div>\n\t\t\t\t\t\t<div class=\"elementor-icon-box-content\">\n\t\t\t\t<h3 class=\"elementor-icon-box-title\">\n\t\t\t\t\t<span  >\n\t\t\t\t\t\tLE BOIS DE L'ABBAYE\t\t\t\t\t<\/span>\n\t\t\t\t<\/h3>\n\t\t\t\t\t\t\t<\/div>\n\t\t<\/div>\n\t\t\t\t<\/div>\n\t\t\t\t<\/div>\n\t\t\t\t\t<\/div>\n\t\t<\/div>\n\t\t\t\t\t\t\t<\/div>\n\t\t<\/section>\n\t\t\t\t\t<\/div>\n\t\t<\/div>\n\t\t\t\t\t\t\t<\/div>\n\t\t<\/section>\n\t\t\t\t<section class=\"elementor-section elementor-top-section elementor-element elementor-element-6198aa0 elementor-section-boxed elementor-section-height-default elementor-section-height-default\" data-id=\"6198aa0\" data-element_type=\"section\">\n\t\t\t\t\t\t<div class=\"elementor-container elementor-column-gap-default\">\n\t\t\t\t\t<div class=\"elementor-column elementor-col-50 elementor-top-column elementor-element elementor-element-9d5ed2c\" data-id=\"9d5ed2c\" data-element_type=\"column\">\n\t\t\t<div class=\"elementor-widget-wrap elementor-element-populated\">\n\t\t\t\t\t\t\t\t<div class=\"elementor-element elementor-element-bf38535 elementor-widget elementor-widget-heading\" data-id=\"bf38535\" data-element_type=\"widget\" data-widget_type=\"heading.default\">\n\t\t\t\t<div class=\"elementor-widget-container\">\n\t\t\t<h2 class=\"elementor-heading-title elementor-size-default\">Massage Californien<\/h2>\t\t<\/div>\n\t\t\t\t<\/div>\n\t\t\t\t<div class=\"elementor-element elementor-element-be0088d elementor-widget elementor-widget-text-editor\" data-id=\"be0088d\" data-element_type=\"widget\" data-widget_type=\"text-editor.default\">\n\t\t\t\t<div class=\"elementor-widget-container\">\n\t\t\t\t\t\t\t<span style=\"font: normal normal normal 24px\/18px Arial; letter-spacing: -0.23px;\">90\u20ac<\/span> \/ personne\t\t\t\t\t\t<\/div>\n\t\t\t\t<\/div>\n\t\t\t\t<div class=\"elementor-element elementor-element-d277625 elementor-widget elementor-widget-text-editor\" data-id=\"d277625\" data-element_type=\"widget\" data-widget_type=\"text-editor.default\">\n\t\t\t\t<div class=\"elementor-widget-container\">\n\t\t\t\t\t\t\t<p>Au Domaine dans le but de vous reposer ?<\/p><p>Profitez du plaisir d&rsquo;un massage Californien. <br \/>Caract\u00e9ris\u00e9e par des mouvements longs, fluides et enveloppants, cette s\u00e9ance de 1h vous apportera d\u00e9tente et relaxation.<\/p><p>Selon disponibilit\u00e9 de la masseuse.<\/p>\t\t\t\t\t\t<\/div>\n\t\t\t\t<\/div>\n\t\t\t\t\t<\/div>\n\t\t<\/div>\n\t\t\t\t<div class=\"elementor-column elementor-col-50 elementor-top-column elementor-element elementor-element-ae0aa34\" data-id=\"ae0aa34\" data-element_type=\"column\">\n\t\t\t<div class=\"elementor-widget-wrap elementor-element-populated\">\n\t\t\t\t\t\t\t\t<div class=\"elementor-element elementor-element-64af0bf elementor-widget elementor-widget-image\" data-id=\"64af0bf\" data-element_type=\"widget\" data-widget_type=\"image.default\">\n\t\t\t\t<div class=\"elementor-widget-container\">\n\t\t\t\t\t\t\t\t\t\t\t\t\t\t\t\t<a href=\"https:\/\/ledomainedescalines.fr\/gite\/wp-content\/uploads\/2023\/07\/Massage-Le-Domaine-des-Calines.jpg\" data-elementor-open-lightbox=\"yes\" data-elementor-lightbox-title=\"Massage - Le Domaine des Calines\" e-action-hash=\"#elementor-action%3Aaction%3Dlightbox%26settings%3DeyJpZCI6Mjk3NCwidXJsIjoiaHR0cHM6XC9cL2xlZG9tYWluZWRlc2NhbGluZXMuZnJcL2dpdGVcL3dwLWNvbnRlbnRcL3VwbG9hZHNcLzIwMjNcLzA3XC9NYXNzYWdlLUxlLURvbWFpbmUtZGVzLUNhbGluZXMuanBnIn0%3D\">\n\t\t\t\t\t\t\t<img decoding=\"async\" src=\"https:\/\/ledomainedescalines.fr\/gite\/wp-content\/uploads\/elementor\/thumbs\/Massage-Le-Domaine-des-Calines-q9c8bifmioosee5u1e2jansuub719up8p9ft6sgdik.jpg\" title=\"Massage &#8211; Le Domaine des Calines\" alt=\"Massage - Le Domaine des Calines\" \/>\t\t\t\t\t\t\t\t<\/a>\n\t\t\t\t\t\t\t\t\t\t\t\t\t\t\t<\/div>\n\t\t\t\t<\/div>\n\t\t\t\t\t<\/div>\n\t\t<\/div>\n\t\t\t\t\t\t\t<\/div>\n\t\t<\/section>\n\t\t\t\t\t\t\t<\/div>\n\t\t","protected":false},"excerpt":{"rendered":"<p>Location de V\u00e9los Electriques 90\u20ac \/ 2 personnes Vous souhaitez profitez du cadre idyllique du Domaine ? Profitez de deux v\u00e9los \u00e0 assistance \u00e9lectrique afin de d\u00e9couvrir les alentours. Avec 100km d&rsquo;autonomie, les T-bird vous emm\u00e8nerons pour de belles balades en amoureux. CIRCUIT 1 LE GRAND MARAIS CIRCUIT 2 LE BOIS DE L&rsquo;ABBAYE Massage Californien<\/p>\n","protected":false},"author":66,"featured_media":0,"parent":0,"menu_order":0,"comment_status":"closed","ping_status":"closed","template":"elementor_header_footer","meta":[],"yst_prominent_words":[],"_links":{"self":[{"href":"https:\/\/ledomainedescalines.fr\/gite\/wp-json\/wp\/v2\/pages\/2957"}],"collection":[{"href":"https:\/\/ledomainedescalines.fr\/gite\/wp-json\/wp\/v2\/pages"}],"about":[{"href":"https:\/\/ledomainedescalines.fr\/gite\/wp-json\/wp\/v2\/types\/page"}],"author":[{"embeddable":true,"href":"https:\/\/ledomainedescalines.fr\/gite\/wp-json\/wp\/v2\/users\/66"}],"replies":[{"embeddable":true,"href":"https:\/\/ledomainedescalines.fr\/gite\/wp-json\/wp\/v2\/comments?post=2957"}],"version-history":[{"count":31,"href":"https:\/\/ledomainedescalines.fr\/gite\/wp-json\/wp\/v2\/pages\/2957\/revisions"}],"predecessor-version":[{"id":3038,"href":"https:\/\/ledomainedescalines.fr\/gite\/wp-json\/wp\/v2\/pages\/2957\/revisions\/3038"}],"wp:attachment":[{"href":"https:\/\/ledomainedescalines.fr\/gite\/wp-json\/wp\/v2\/media?parent=2957"}],"wp:term":[{"taxonomy":"yst_prominent_words","embeddable":true,"href":"https:\/\/ledomainedescalines.fr\/gite\/wp-json\/wp\/v2\/yst_prominent_words?post=2957"}],"curies":[{"name":"wp","href":"https:\/\/api.w.org\/{rel}","templated":true}]}}