{"id":2575,"date":"2022-01-16T12:15:53","date_gmt":"2022-01-16T11:15:53","guid":{"rendered":"https:\/\/ledomainedescalines.fr\/gite\/produit\/carte-cadeau-4\/"},"modified":"2023-08-14T17:44:04","modified_gmt":"2023-08-14T15:44:04","slug":"carte-cadeau-4","status":"publish","type":"product","link":"https:\/\/ledomainedescalines.fr\/gite\/produit\/carte-cadeau-4\/","title":{"rendered":"Carte Cadeau"},"content":{"rendered":"<ul>\n<li>Envoi par mail d\u00e9mat\u00e9rialis\u00e9<\/li>\n<li>Carte nominative valable 1 an apr\u00e8s \u00e9dition<\/li>\n<li>Valable sur l&rsquo;ensemble du Domaine<\/li>\n<li>Non-remboursable<\/li>\n<\/ul>\n","protected":false},"excerpt":{"rendered":"<p>Vous souhaitez offrir un moment de d\u00e9tente inoubliable \u00e0 vos proches ? Offrez leur une carte cadeau ! Remplissez le formulaire ci-dessous\u00a0 et recevez par mail votre carte cadeau num\u00e9rique. Valable 1 an apr\u00e8s \u00e9dition sur l&rsquo;ensemble du Domaine.<\/p>\n<p>Faites plaisir \u00e0 vos proches dans notre suite :<\/p>\n<ul>\n<li>Une nuit avec bouteille de Champagne et petit d\u00e9jeuner : 290\u20ac<\/li>\n<li>Une nuit accompagn\u00e9e du diner : 380\u20ac<\/li>\n<li>Une nuit\u00a0 accompagn\u00e9e du diner et d&rsquo;un massage : 470\u20ac<\/li>\n<\/ul>\n","protected":false},"featured_media":2573,"template":"","meta":[],"product_cat":[],"product_tag":[],"yst_prominent_words":[],"_links":{"self":[{"href":"https:\/\/ledomainedescalines.fr\/gite\/wp-json\/wp\/v2\/product\/2575"}],"collection":[{"href":"https:\/\/ledomainedescalines.fr\/gite\/wp-json\/wp\/v2\/product"}],"about":[{"href":"https:\/\/ledomainedescalines.fr\/gite\/wp-json\/wp\/v2\/types\/product"}],"wp:featuredmedia":[{"embeddable":true,"href":"https:\/\/ledomainedescalines.fr\/gite\/wp-json\/wp\/v2\/media\/2573"}],"wp:attachment":[{"href":"https:\/\/ledomainedescalines.fr\/gite\/wp-json\/wp\/v2\/media?parent=2575"}],"wp:term":[{"taxonomy":"product_cat","embeddable":true,"href":"https:\/\/ledomainedescalines.fr\/gite\/wp-json\/wp\/v2\/product_cat?post=2575"},{"taxonomy":"product_tag","embeddable":true,"href":"https:\/\/ledomainedescalines.fr\/gite\/wp-json\/wp\/v2\/product_tag?post=2575"},{"taxonomy":"yst_prominent_words","embeddable":true,"href":"https:\/\/ledomainedescalines.fr\/gite\/wp-json\/wp\/v2\/yst_prominent_words?post=2575"}],"curies":[{"name":"wp","href":"https:\/\/api.w.org\/{rel}","templated":true}]}}